{"id":69,"date":"2023-10-11T12:08:25","date_gmt":"2023-10-11T10:08:25","guid":{"rendered":"https:\/\/paris-pepites.fr\/blog\/?page_id=69"},"modified":"2026-03-30T11:05:53","modified_gmt":"2026-03-30T09:05:53","slug":"lequipe","status":"publish","type":"page","link":"https:\/\/paris-pepites.fr\/blog\/lequipe\/","title":{"rendered":"L&rsquo;\u00e9quipe &#038; \u00c9dito"},"content":{"rendered":"<p><span style=\"font-weight: 400;\">Paris P\u00e9pites est le guide des Parisiens curieux et des visiteurs exigeants \u2014 loin des sentiers battus et des queues interminables. Ruelles secr\u00e8tes, chocolatiers d&rsquo;exception, escape games insolites, restaurants confidentiels, activit\u00e9s de team building originales et quartiers m\u00e9connus : nous r\u00e9v\u00e9lons le Paris que peu de gens connaissent. <\/span><span style=\"font-weight: 400;\">Notre \u00e9quipe rassemble des Parisiens passionn\u00e9s, des guides de quartier et des food lovers qui sillonnent la capitale en permanence \u00e0 la recherche de p\u00e9pites \u00e0 partager.<\/span><\/p>\n","protected":false},"excerpt":{"rendered":"","protected":false},"author":34,"featured_media":0,"parent":0,"menu_order":0,"comment_status":"closed","ping_status":"closed","template":"","meta":{"_acf_changed":false,"manual_indexmenow":false,"indexmenow_id_project":0,"footnotes":""},"class_list":["post-69","page","type-page","status-publish"],"acf":[],"yoast_head":"<!-- This site is optimized with the Yoast SEO Premium plugin v21.3 (Yoast SEO v26.5) - https:\/\/yoast.com\/wordpress\/plugins\/seo\/ -->\n<title>L&#039;\u00e9quipe &amp; \u00c9dito<\/title>\n<meta name=\"description\" content=\"Paris P\u00e9pites est le guide des Parisiens curieux et des visiteurs exigeants \u2014 loin des sentiers battus et des queues interminables. Ruelles secr\u00e8tes,\" \/>\n<meta name=\"robots\" content=\"index, follow, max-snippet:-1, max-image-preview:large, max-video-preview:-1\" \/>\n<link rel=\"canonical\" href=\"https:\/\/paris-pepites.fr\/blog\/lequipe\/\" \/>\n<meta property=\"og:locale\" content=\"fr_FR\" \/>\n<meta property=\"og:type\" content=\"article\" \/>\n<meta property=\"og:title\" content=\"L&#039;\u00e9quipe &amp; \u00c9dito\" \/>\n<meta property=\"og:description\" content=\"Paris P\u00e9pites est le guide des Parisiens curieux et des visiteurs exigeants \u2014 loin des sentiers battus et des queues interminables. Ruelles secr\u00e8tes,\" \/>\n<meta property=\"og:url\" content=\"https:\/\/paris-pepites.fr\/blog\/lequipe\/\" \/>\n<meta property=\"og:site_name\" content=\"paris-pepites\" \/>\n<meta name=\"twitter:card\" content=\"summary_large_image\" \/>\n<script type=\"application\/ld+json\" class=\"yoast-schema-graph\">{\"@context\":\"https:\/\/schema.org\",\"@graph\":[{\"@type\":\"WebPage\",\"@id\":\"https:\/\/paris-pepites.fr\/blog\/lequipe\/\",\"url\":\"https:\/\/paris-pepites.fr\/blog\/lequipe\/\",\"name\":\"L'\u00e9quipe & \u00c9dito\",\"isPartOf\":{\"@id\":\"https:\/\/paris-pepites.fr\/blog\/#website\"},\"datePublished\":\"2023-10-11T10:08:25+00:00\",\"dateModified\":\"2026-03-30T09:05:53+00:00\",\"description\":\"Paris P\u00e9pites est le guide des Parisiens curieux et des visiteurs exigeants \u2014 loin des sentiers battus et des queues interminables. Ruelles secr\u00e8tes,\",\"inLanguage\":\"fr-FR\",\"potentialAction\":[{\"@type\":\"ReadAction\",\"target\":[\"https:\/\/paris-pepites.fr\/blog\/lequipe\/\"]}]},{\"@type\":\"WebSite\",\"@id\":\"https:\/\/paris-pepites.fr\/blog\/#website\",\"url\":\"https:\/\/paris-pepites.fr\/blog\/\",\"name\":\"paris-pepites.fr\",\"description\":\"Votre guide des p\u00e9pites parisiennes.\",\"publisher\":{\"@id\":\"https:\/\/paris-pepites.fr\/blog\/#organization\"},\"alternateName\":\"Votre guide des p\u00e9pites parisiennes.\",\"potentialAction\":[{\"@type\":\"SearchAction\",\"target\":{\"@type\":\"EntryPoint\",\"urlTemplate\":\"https:\/\/paris-pepites.fr\/blog\/?s={search_term_string}\"},\"query-input\":{\"@type\":\"PropertyValueSpecification\",\"valueRequired\":true,\"valueName\":\"search_term_string\"}}],\"inLanguage\":\"fr-FR\"},{\"@type\":\"Organization\",\"@id\":\"https:\/\/paris-pepites.fr\/blog\/#organization\",\"name\":\"Foretsensations.fr\",\"url\":\"https:\/\/paris-pepites.fr\/blog\/\",\"logo\":{\"@type\":\"ImageObject\",\"inLanguage\":\"fr-FR\",\"@id\":\"https:\/\/paris-pepites.fr\/blog\/#\/schema\/logo\/image\/\",\"url\":\"https:\/\/paris-pepites.fr\/blog\/wp-content\/uploads\/2024\/12\/36.png\",\"contentUrl\":\"https:\/\/paris-pepites.fr\/blog\/wp-content\/uploads\/2024\/12\/36.png\",\"width\":500,\"height\":500,\"caption\":\"Foretsensations.fr\"},\"image\":{\"@id\":\"https:\/\/paris-pepites.fr\/blog\/#\/schema\/logo\/image\/\"}}]}<\/script>\n<!-- \/ Yoast SEO Premium plugin. -->","yoast_head_json":{"title":"L'\u00e9quipe & \u00c9dito","description":"Paris P\u00e9pites est le guide des Parisiens curieux et des visiteurs exigeants \u2014 loin des sentiers battus et des queues interminables. Ruelles secr\u00e8tes,","robots":{"index":"index","follow":"follow","max-snippet":"max-snippet:-1","max-image-preview":"max-image-preview:large","max-video-preview":"max-video-preview:-1"},"canonical":"https:\/\/paris-pepites.fr\/blog\/lequipe\/","og_locale":"fr_FR","og_type":"article","og_title":"L'\u00e9quipe & \u00c9dito","og_description":"Paris P\u00e9pites est le guide des Parisiens curieux et des visiteurs exigeants \u2014 loin des sentiers battus et des queues interminables. Ruelles secr\u00e8tes,","og_url":"https:\/\/paris-pepites.fr\/blog\/lequipe\/","og_site_name":"paris-pepites","twitter_card":"summary_large_image","schema":{"@context":"https:\/\/schema.org","@graph":[{"@type":"WebPage","@id":"https:\/\/paris-pepites.fr\/blog\/lequipe\/","url":"https:\/\/paris-pepites.fr\/blog\/lequipe\/","name":"L'\u00e9quipe & \u00c9dito","isPartOf":{"@id":"https:\/\/paris-pepites.fr\/blog\/#website"},"datePublished":"2023-10-11T10:08:25+00:00","dateModified":"2026-03-30T09:05:53+00:00","description":"Paris P\u00e9pites est le guide des Parisiens curieux et des visiteurs exigeants \u2014 loin des sentiers battus et des queues interminables. Ruelles secr\u00e8tes,","inLanguage":"fr-FR","potentialAction":[{"@type":"ReadAction","target":["https:\/\/paris-pepites.fr\/blog\/lequipe\/"]}]},{"@type":"WebSite","@id":"https:\/\/paris-pepites.fr\/blog\/#website","url":"https:\/\/paris-pepites.fr\/blog\/","name":"paris-pepites.fr","description":"Votre guide des p\u00e9pites parisiennes.","publisher":{"@id":"https:\/\/paris-pepites.fr\/blog\/#organization"},"alternateName":"Votre guide des p\u00e9pites parisiennes.","potentialAction":[{"@type":"SearchAction","target":{"@type":"EntryPoint","urlTemplate":"https:\/\/paris-pepites.fr\/blog\/?s={search_term_string}"},"query-input":{"@type":"PropertyValueSpecification","valueRequired":true,"valueName":"search_term_string"}}],"inLanguage":"fr-FR"},{"@type":"Organization","@id":"https:\/\/paris-pepites.fr\/blog\/#organization","name":"Foretsensations.fr","url":"https:\/\/paris-pepites.fr\/blog\/","logo":{"@type":"ImageObject","inLanguage":"fr-FR","@id":"https:\/\/paris-pepites.fr\/blog\/#\/schema\/logo\/image\/","url":"https:\/\/paris-pepites.fr\/blog\/wp-content\/uploads\/2024\/12\/36.png","contentUrl":"https:\/\/paris-pepites.fr\/blog\/wp-content\/uploads\/2024\/12\/36.png","width":500,"height":500,"caption":"Foretsensations.fr"},"image":{"@id":"https:\/\/paris-pepites.fr\/blog\/#\/schema\/logo\/image\/"}}]}},"_links":{"self":[{"href":"https:\/\/paris-pepites.fr\/blog\/wp-json\/wp\/v2\/pages\/69","targetHints":{"allow":["GET"]}}],"collection":[{"href":"https:\/\/paris-pepites.fr\/blog\/wp-json\/wp\/v2\/pages"}],"about":[{"href":"https:\/\/paris-pepites.fr\/blog\/wp-json\/wp\/v2\/types\/page"}],"author":[{"embeddable":true,"href":"https:\/\/paris-pepites.fr\/blog\/wp-json\/wp\/v2\/users\/34"}],"replies":[{"embeddable":true,"href":"https:\/\/paris-pepites.fr\/blog\/wp-json\/wp\/v2\/comments?post=69"}],"version-history":[{"count":35,"href":"https:\/\/paris-pepites.fr\/blog\/wp-json\/wp\/v2\/pages\/69\/revisions"}],"predecessor-version":[{"id":8194,"href":"https:\/\/paris-pepites.fr\/blog\/wp-json\/wp\/v2\/pages\/69\/revisions\/8194"}],"wp:attachment":[{"href":"https:\/\/paris-pepites.fr\/blog\/wp-json\/wp\/v2\/media?parent=69"}],"curies":[{"name":"wp","href":"https:\/\/api.w.org\/{rel}","templated":true}]}}